{"id":1861,"date":"2025-07-28T14:01:40","date_gmt":"2025-07-28T14:01:40","guid":{"rendered":"https:\/\/www.dr-limpezas.pt\/sistemas-de-gestion\/"},"modified":"2025-08-25T16:36:25","modified_gmt":"2025-08-25T16:36:25","slug":"sistemas-de-gestion","status":"publish","type":"page","link":"https:\/\/www.dr-limpezas.pt\/es\/sistemas-de-gestion\/","title":{"rendered":"Sistemas de gesti\u00f3n"},"content":{"rendered":"\t\t<div data-elementor-type=\"wp-page\" data-elementor-id=\"1861\" class=\"elementor elementor-1861 elementor-1268\" data-elementor-post-type=\"page\">\n\t\t\t\t<div class=\"elementor-element elementor-element-39029de e-con-full e-flex e-con e-parent\" data-id=\"39029de\" data-element_type=\"container\" data-settings=\"{&quot;background_background&quot;:&quot;classic&quot;}\">\n\t\t\t\t<div class=\"elementor-element elementor-element-2d72719 elementor-widget elementor-widget-heading\" data-id=\"2d72719\" data-element_type=\"widget\" data-widget_type=\"heading.default\">\n\t\t\t\t<div class=\"elementor-widget-container\">\n\t\t\t\t\t<h2 class=\"elementor-heading-title elementor-size-default\">Sistemas de Gesti\u00f3n<\/h2>\t\t\t\t<\/div>\n\t\t\t\t<\/div>\n\t\t\t\t<\/div>\n\t\t<div class=\"elementor-element elementor-element-a24b08d e-con-full e-flex e-con e-parent\" data-id=\"a24b08d\" data-element_type=\"container\" data-settings=\"{&quot;background_background&quot;:&quot;classic&quot;}\">\n\t\t\t\t<div class=\"elementor-element elementor-element-cb94a25 elementor-widget elementor-widget-heading\" data-id=\"cb94a25\" data-element_type=\"widget\" data-widget_type=\"heading.default\">\n\t\t\t\t<div class=\"elementor-widget-container\">\n\t\t\t\t\t<h2 class=\"elementor-heading-title elementor-size-default\">Objetivos de Calidad<\/h2>\t\t\t\t<\/div>\n\t\t\t\t<\/div>\n\t\t\t\t<div class=\"elementor-element elementor-element-6bdf740 elementor-widget elementor-widget-text-editor\" data-id=\"6bdf740\" data-element_type=\"widget\" data-widget_type=\"text-editor.default\">\n\t\t\t\t<div class=\"elementor-widget-container\">\n\t\t\t\t\t\t\t\t\t<p>Comprometidos con la excelencia, todos los d\u00edas, en cada detalle<\/p>\t\t\t\t\t\t\t\t<\/div>\n\t\t\t\t<\/div>\n\t\t<div class=\"elementor-element elementor-element-a7fe700 e-con-full e-flex e-con e-child\" data-id=\"a7fe700\" data-element_type=\"container\">\n\t\t<div class=\"elementor-element elementor-element-8feefc8 e-con-full e-flex e-con e-child\" data-id=\"8feefc8\" data-element_type=\"container\">\n\t\t\t\t<div class=\"elementor-element elementor-element-b4cbc73 elementor-widget elementor-widget-image\" data-id=\"b4cbc73\" data-element_type=\"widget\" data-widget_type=\"image.default\">\n\t\t\t\t<div class=\"elementor-widget-container\">\n\t\t\t\t\t\t\t\t\t\t\t\t\t\t\t<img decoding=\"async\" width=\"90\" height=\"90\" src=\"https:\/\/www.dr-limpezas.pt\/wp-content\/uploads\/2025\/06\/trofeu-1.png\" class=\"attachment-large size-large wp-image-1571\" alt=\"drlimpezas\" \/>\t\t\t\t\t\t\t\t\t\t\t\t\t\t\t<\/div>\n\t\t\t\t<\/div>\n\t\t\t\t<div class=\"elementor-element elementor-element-90b3b08 elementor-widget elementor-widget-text-editor\" data-id=\"90b3b08\" data-element_type=\"widget\" data-widget_type=\"text-editor.default\">\n\t\t\t\t<div class=\"elementor-widget-container\">\n\t\t\t\t\t\t\t\t\t<p>Prestar servicios de limpieza atendiendo al rigor, la perfecci\u00f3n y la exigencia del cliente<\/p>\t\t\t\t\t\t\t\t<\/div>\n\t\t\t\t<\/div>\n\t\t\t\t<\/div>\n\t\t<div class=\"elementor-element elementor-element-6597ee3 e-con-full e-flex e-con e-child\" data-id=\"6597ee3\" data-element_type=\"container\">\n\t\t\t\t<div class=\"elementor-element elementor-element-2c912bb elementor-widget elementor-widget-image\" data-id=\"2c912bb\" data-element_type=\"widget\" data-widget_type=\"image.default\">\n\t\t\t\t<div class=\"elementor-widget-container\">\n\t\t\t\t\t\t\t\t\t\t\t\t\t\t\t<img decoding=\"async\" width=\"90\" height=\"90\" src=\"https:\/\/www.dr-limpezas.pt\/wp-content\/uploads\/2025\/06\/estatisticas.png\" class=\"attachment-large size-large wp-image-1574\" alt=\"drlimpezas\" \/>\t\t\t\t\t\t\t\t\t\t\t\t\t\t\t<\/div>\n\t\t\t\t<\/div>\n\t\t\t\t<div class=\"elementor-element elementor-element-bb013fe elementor-widget elementor-widget-text-editor\" data-id=\"bb013fe\" data-element_type=\"widget\" data-widget_type=\"text-editor.default\">\n\t\t\t\t<div class=\"elementor-widget-container\">\n\t\t\t\t\t\t\t\t\t<p>Trabajar con vistas al crecimiento econ\u00f3mico de la empresa combinando calidad e innovaci\u00f3n<\/p>\t\t\t\t\t\t\t\t<\/div>\n\t\t\t\t<\/div>\n\t\t\t\t<\/div>\n\t\t<div class=\"elementor-element elementor-element-3658c54 e-con-full e-flex e-con e-child\" data-id=\"3658c54\" data-element_type=\"container\">\n\t\t\t\t<div class=\"elementor-element elementor-element-0c0ae10 elementor-widget elementor-widget-image\" data-id=\"0c0ae10\" data-element_type=\"widget\" data-widget_type=\"image.default\">\n\t\t\t\t<div class=\"elementor-widget-container\">\n\t\t\t\t\t\t\t\t\t\t\t\t\t\t\t<img decoding=\"async\" width=\"90\" height=\"90\" src=\"https:\/\/www.dr-limpezas.pt\/wp-content\/uploads\/2025\/06\/alvo-1.png\" class=\"attachment-large size-large wp-image-1577\" alt=\"drlimpezas\" \/>\t\t\t\t\t\t\t\t\t\t\t\t\t\t\t<\/div>\n\t\t\t\t<\/div>\n\t\t\t\t<div class=\"elementor-element elementor-element-01e9787 elementor-widget elementor-widget-text-editor\" data-id=\"01e9787\" data-element_type=\"widget\" data-widget_type=\"text-editor.default\">\n\t\t\t\t<div class=\"elementor-widget-container\">\n\t\t\t\t\t\t\t\t\t<p>Luchar por la marca \u201cDr. Limpezas\u201d defendiendo una posici\u00f3n frente a la competencia<\/p>\t\t\t\t\t\t\t\t<\/div>\n\t\t\t\t<\/div>\n\t\t\t\t<\/div>\n\t\t<div class=\"elementor-element elementor-element-c8050d8 e-con-full e-flex e-con e-child\" data-id=\"c8050d8\" data-element_type=\"container\">\n\t\t\t\t<div class=\"elementor-element elementor-element-12bd2db elementor-widget elementor-widget-image\" data-id=\"12bd2db\" data-element_type=\"widget\" data-widget_type=\"image.default\">\n\t\t\t\t<div class=\"elementor-widget-container\">\n\t\t\t\t\t\t\t\t\t\t\t\t\t\t\t<img loading=\"lazy\" decoding=\"async\" width=\"90\" height=\"90\" src=\"https:\/\/www.dr-limpezas.pt\/wp-content\/uploads\/2025\/06\/qualidade.png\" class=\"attachment-large size-large wp-image-1580\" alt=\"drlimpezas\" \/>\t\t\t\t\t\t\t\t\t\t\t\t\t\t\t<\/div>\n\t\t\t\t<\/div>\n\t\t\t\t<div class=\"elementor-element elementor-element-4f29df2 elementor-widget elementor-widget-text-editor\" data-id=\"4f29df2\" data-element_type=\"widget\" data-widget_type=\"text-editor.default\">\n\t\t\t\t<div class=\"elementor-widget-container\">\n\t\t\t\t\t\t\t\t\t<p>Mejorar todos los d\u00edas para aumentar los est\u00e1ndares de calidad<\/p>\t\t\t\t\t\t\t\t<\/div>\n\t\t\t\t<\/div>\n\t\t\t\t<\/div>\n\t\t\t\t<\/div>\n\t\t<div class=\"elementor-element elementor-element-69ff986 e-con-full e-flex e-con e-child\" data-id=\"69ff986\" data-element_type=\"container\">\n\t\t<div class=\"elementor-element elementor-element-dc1a7df e-con-full e-flex e-con e-child\" data-id=\"dc1a7df\" data-element_type=\"container\">\n\t\t\t\t<div class=\"elementor-element elementor-element-21ef0b2 elementor-widget elementor-widget-image\" data-id=\"21ef0b2\" data-element_type=\"widget\" data-widget_type=\"image.default\">\n\t\t\t\t<div class=\"elementor-widget-container\">\n\t\t\t\t\t\t\t\t\t\t\t\t\t\t\t<img loading=\"lazy\" decoding=\"async\" width=\"90\" height=\"90\" src=\"https:\/\/www.dr-limpezas.pt\/wp-content\/uploads\/2025\/06\/comunicacao-etica.png\" class=\"attachment-large size-large wp-image-1583\" alt=\"drlimpezas\" \/>\t\t\t\t\t\t\t\t\t\t\t\t\t\t\t<\/div>\n\t\t\t\t<\/div>\n\t\t\t\t<div class=\"elementor-element elementor-element-6d4dbf2 elementor-widget elementor-widget-text-editor\" data-id=\"6d4dbf2\" data-element_type=\"widget\" data-widget_type=\"text-editor.default\">\n\t\t\t\t<div class=\"elementor-widget-container\">\n\t\t\t\t\t\t\t\t\t<p>Establecer relaciones comerciales \u201cwin-win\u201d<\/p>\t\t\t\t\t\t\t\t<\/div>\n\t\t\t\t<\/div>\n\t\t\t\t<\/div>\n\t\t<div class=\"elementor-element elementor-element-4f83360 e-con-full e-flex e-con e-child\" data-id=\"4f83360\" data-element_type=\"container\">\n\t\t\t\t<div class=\"elementor-element elementor-element-bd22f93 elementor-widget elementor-widget-image\" data-id=\"bd22f93\" data-element_type=\"widget\" data-widget_type=\"image.default\">\n\t\t\t\t<div class=\"elementor-widget-container\">\n\t\t\t\t\t\t\t\t\t\t\t\t\t\t\t<img loading=\"lazy\" decoding=\"async\" width=\"90\" height=\"90\" src=\"https:\/\/www.dr-limpezas.pt\/wp-content\/uploads\/2025\/06\/biografia-1.png\" class=\"attachment-large size-large wp-image-1586\" alt=\"drlimpezas\" \/>\t\t\t\t\t\t\t\t\t\t\t\t\t\t\t<\/div>\n\t\t\t\t<\/div>\n\t\t\t\t<div class=\"elementor-element elementor-element-17e77dc elementor-widget elementor-widget-text-editor\" data-id=\"17e77dc\" data-element_type=\"widget\" data-widget_type=\"text-editor.default\">\n\t\t\t\t<div class=\"elementor-widget-container\">\n\t\t\t\t\t\t\t\t\t<p>Controlar el impacto de nuestra actividad en el medio ambiente<\/p>\t\t\t\t\t\t\t\t<\/div>\n\t\t\t\t<\/div>\n\t\t\t\t<\/div>\n\t\t<div class=\"elementor-element elementor-element-87a6b05 e-con-full e-flex e-con e-child\" data-id=\"87a6b05\" data-element_type=\"container\">\n\t\t\t\t<div class=\"elementor-element elementor-element-53585d8 elementor-widget elementor-widget-image\" data-id=\"53585d8\" data-element_type=\"widget\" data-widget_type=\"image.default\">\n\t\t\t\t<div class=\"elementor-widget-container\">\n\t\t\t\t\t\t\t\t\t\t\t\t\t\t\t<img loading=\"lazy\" decoding=\"async\" width=\"90\" height=\"90\" src=\"https:\/\/www.dr-limpezas.pt\/wp-content\/uploads\/2025\/06\/armazenar.png\" class=\"attachment-large size-large wp-image-1589\" alt=\"drlimpezas\" \/>\t\t\t\t\t\t\t\t\t\t\t\t\t\t\t<\/div>\n\t\t\t\t<\/div>\n\t\t\t\t<div class=\"elementor-element elementor-element-d4d2980 elementor-widget elementor-widget-text-editor\" data-id=\"d4d2980\" data-element_type=\"widget\" data-widget_type=\"text-editor.default\">\n\t\t\t\t<div class=\"elementor-widget-container\">\n\t\t\t\t\t\t\t\t\t<p>Franquiciar la marca Dr. Limpezas<\/p>\t\t\t\t\t\t\t\t<\/div>\n\t\t\t\t<\/div>\n\t\t\t\t<\/div>\n\t\t<div class=\"elementor-element elementor-element-2f36cf5 e-con-full e-flex e-con e-child\" data-id=\"2f36cf5\" data-element_type=\"container\">\n\t\t\t\t<div class=\"elementor-element elementor-element-0da8cfe elementor-widget elementor-widget-image\" data-id=\"0da8cfe\" data-element_type=\"widget\" data-widget_type=\"image.default\">\n\t\t\t\t<div class=\"elementor-widget-container\">\n\t\t\t\t\t\t\t\t\t\t\t\t\t\t\t<img loading=\"lazy\" decoding=\"async\" width=\"90\" height=\"90\" src=\"https:\/\/www.dr-limpezas.pt\/wp-content\/uploads\/2025\/06\/avaliacao.png\" class=\"attachment-large size-large wp-image-1592\" alt=\"drlimpezas\" \/>\t\t\t\t\t\t\t\t\t\t\t\t\t\t\t<\/div>\n\t\t\t\t<\/div>\n\t\t\t\t<div class=\"elementor-element elementor-element-2566980 elementor-widget elementor-widget-text-editor\" data-id=\"2566980\" data-element_type=\"widget\" data-widget_type=\"text-editor.default\">\n\t\t\t\t<div class=\"elementor-widget-container\">\n\t\t\t\t\t\t\t\t\t<p>Destacar por la fidelizaci\u00f3n de los clientes<\/p>\t\t\t\t\t\t\t\t<\/div>\n\t\t\t\t<\/div>\n\t\t\t\t<\/div>\n\t\t\t\t<\/div>\n\t\t\t\t<\/div>\n\t\t<div class=\"elementor-element elementor-element-91a79f7 e-con-full e-flex e-con e-parent\" data-id=\"91a79f7\" data-element_type=\"container\" data-settings=\"{&quot;background_background&quot;:&quot;classic&quot;}\">\n\t\t<div class=\"elementor-element elementor-element-1ae0a65 e-con-full e-flex e-con e-child\" data-id=\"1ae0a65\" data-element_type=\"container\">\n\t\t\t\t<div class=\"elementor-element elementor-element-ef8ccbc elementor-widget elementor-widget-heading\" data-id=\"ef8ccbc\" data-element_type=\"widget\" data-widget_type=\"heading.default\">\n\t\t\t\t<div class=\"elementor-widget-container\">\n\t\t\t\t\t<h2 class=\"elementor-heading-title elementor-size-default\">C\u00f3digo de Conducta<\/h2>\t\t\t\t<\/div>\n\t\t\t\t<\/div>\n\t\t\t\t<div class=\"elementor-element elementor-element-190aff7 elementor-widget elementor-widget-text-editor\" data-id=\"190aff7\" data-element_type=\"widget\" data-widget_type=\"text-editor.default\">\n\t\t\t\t<div class=\"elementor-widget-container\">\n\t\t\t\t\t\t\t\t\t<div class=\"icons__text vc_custom_1748527137631 \" data-icon-align=\"left\" data-reset-responsive=\"false\" data-hover-target=\"box\" data-vertical-align=\"center\"><div id=\"slcr_icon_text_content688785509f814\" class=\"text__content\">para la Prevenci\u00f3n y Lucha contra el Acoso Laboral<\/div><\/div>\t\t\t\t\t\t\t\t<\/div>\n\t\t\t\t<\/div>\n\t\t\t\t<\/div>\n\t\t<div class=\"elementor-element elementor-element-6a9fe51 e-con-full e-flex e-con e-child\" data-id=\"6a9fe51\" data-element_type=\"container\">\n\t\t\t\t<div class=\"elementor-element elementor-element-b08bded elementor-align-center elementor-widget elementor-widget-button\" data-id=\"b08bded\" data-element_type=\"widget\" data-widget_type=\"button.default\">\n\t\t\t\t<div class=\"elementor-widget-container\">\n\t\t\t\t\t\t\t\t\t<div class=\"elementor-button-wrapper\">\n\t\t\t\t\t<a class=\"elementor-button elementor-button-link elementor-size-sm\" href=\"https:\/\/www.dr-limpezas.pt\/wp-content\/uploads\/2025\/08\/Codigo-de-Conduta.pdf\">\n\t\t\t\t\t\t<span class=\"elementor-button-content-wrapper\">\n\t\t\t\t\t\t\t\t\t<span class=\"elementor-button-text\">Consultar Documento<\/span>\n\t\t\t\t\t<\/span>\n\t\t\t\t\t<\/a>\n\t\t\t\t<\/div>\n\t\t\t\t\t\t\t\t<\/div>\n\t\t\t\t<\/div>\n\t\t\t\t<\/div>\n\t\t\t\t<\/div>\n\t\t<div class=\"elementor-element elementor-element-aa192d4 e-con-full e-flex e-con e-parent\" data-id=\"aa192d4\" data-element_type=\"container\" data-settings=\"{&quot;background_background&quot;:&quot;classic&quot;}\">\n\t\t<div class=\"elementor-element elementor-element-d19f28e e-con-full e-flex e-con e-child\" data-id=\"d19f28e\" data-element_type=\"container\">\n\t\t\t\t<div class=\"elementor-element elementor-element-8cd94be elementor-widget elementor-widget-heading\" data-id=\"8cd94be\" data-element_type=\"widget\" data-widget_type=\"heading.default\">\n\t\t\t\t<div class=\"elementor-widget-container\">\n\t\t\t\t\t<h2 class=\"elementor-heading-title elementor-size-default\">Certificado del Sistema de Gesti\u00f3n de Calidad<\/h2>\t\t\t\t<\/div>\n\t\t\t\t<\/div>\n\t\t\t\t<\/div>\n\t\t<div class=\"elementor-element elementor-element-3fa1b8c e-con-full e-flex e-con e-child\" data-id=\"3fa1b8c\" data-element_type=\"container\">\n\t\t\t\t<div class=\"elementor-element elementor-element-cb29d24 elementor-align-center elementor-widget elementor-widget-button\" data-id=\"cb29d24\" data-element_type=\"widget\" data-widget_type=\"button.default\">\n\t\t\t\t<div class=\"elementor-widget-container\">\n\t\t\t\t\t\t\t\t\t<div class=\"elementor-button-wrapper\">\n\t\t\t\t\t<a class=\"elementor-button elementor-button-link elementor-size-sm\" href=\"https:\/\/www.dr-limpezas.pt\/wp-content\/uploads\/2025\/08\/CertificadoER-0267-2025_PT_2025-05-27.pdf\">\n\t\t\t\t\t\t<span class=\"elementor-button-content-wrapper\">\n\t\t\t\t\t\t\t\t\t<span class=\"elementor-button-text\">Consultar Documento<\/span>\n\t\t\t\t\t<\/span>\n\t\t\t\t\t<\/a>\n\t\t\t\t<\/div>\n\t\t\t\t\t\t\t\t<\/div>\n\t\t\t\t<\/div>\n\t\t\t\t<\/div>\n\t\t\t\t<\/div>\n\t\t<div class=\"elementor-element elementor-element-783ef94 e-con-full e-flex e-con e-parent\" data-id=\"783ef94\" data-element_type=\"container\" data-settings=\"{&quot;background_background&quot;:&quot;classic&quot;}\">\n\t\t<div class=\"elementor-element elementor-element-e583f8e e-con-full e-flex e-con e-child\" data-id=\"e583f8e\" data-element_type=\"container\">\n\t\t\t\t<div class=\"elementor-element elementor-element-b9511c4 elementor-widget elementor-widget-heading\" data-id=\"b9511c4\" data-element_type=\"widget\" data-widget_type=\"heading.default\">\n\t\t\t\t<div class=\"elementor-widget-container\">\n\t\t\t\t\t<h2 class=\"elementor-heading-title elementor-size-default\">Pol\u00edtica de Calidad<\/h2>\t\t\t\t<\/div>\n\t\t\t\t<\/div>\n\t\t\t\t<\/div>\n\t\t<div class=\"elementor-element elementor-element-bb5c01b e-con-full e-flex e-con e-child\" data-id=\"bb5c01b\" data-element_type=\"container\">\n\t\t\t\t<div class=\"elementor-element elementor-element-5f5dc87 elementor-widget elementor-widget-button\" data-id=\"5f5dc87\" data-element_type=\"widget\" data-widget_type=\"button.default\">\n\t\t\t\t<div class=\"elementor-widget-container\">\n\t\t\t\t\t\t\t\t\t<div class=\"elementor-button-wrapper\">\n\t\t\t\t\t<a class=\"elementor-button elementor-button-link elementor-size-sm\" href=\"https:\/\/www.dr-limpezas.pt\/wp-content\/uploads\/2025\/08\/Assinado_PQ_24.09.2024.pdf\">\n\t\t\t\t\t\t<span class=\"elementor-button-content-wrapper\">\n\t\t\t\t\t\t\t\t\t<span class=\"elementor-button-text\">Consultar Documento<\/span>\n\t\t\t\t\t<\/span>\n\t\t\t\t\t<\/a>\n\t\t\t\t<\/div>\n\t\t\t\t\t\t\t\t<\/div>\n\t\t\t\t<\/div>\n\t\t\t\t<\/div>\n\t\t\t\t<\/div>\n\t\t<div class=\"elementor-element elementor-element-acb6d51 e-con-full e-flex e-con e-parent\" data-id=\"acb6d51\" data-element_type=\"container\">\n\t\t<div class=\"elementor-element elementor-element-f5daf64 e-con-full e-flex e-con e-child\" data-id=\"f5daf64\" data-element_type=\"container\">\n\t\t\t\t<div class=\"elementor-element elementor-element-ed7b2e6 elementor-widget elementor-widget-image\" data-id=\"ed7b2e6\" data-element_type=\"widget\" data-widget_type=\"image.default\">\n\t\t\t\t<div class=\"elementor-widget-container\">\n\t\t\t\t\t\t\t\t\t\t\t\t\t\t\t<img loading=\"lazy\" decoding=\"async\" width=\"325\" height=\"85\" src=\"https:\/\/www.dr-limpezas.pt\/wp-content\/uploads\/2025\/07\/image-20.svg\" class=\"attachment-large size-large wp-image-1826\" alt=\"drlimpezas\" \/>\t\t\t\t\t\t\t\t\t\t\t\t\t\t\t<\/div>\n\t\t\t\t<\/div>\n\t\t\t\t<\/div>\n\t\t<div class=\"elementor-element elementor-element-9e3a871 e-con-full e-flex e-con e-child\" data-id=\"9e3a871\" data-element_type=\"container\">\n\t\t\t\t<div class=\"elementor-element elementor-element-f4690b1 elementor-widget elementor-widget-button\" data-id=\"f4690b1\" data-element_type=\"widget\" data-widget_type=\"button.default\">\n\t\t\t\t<div class=\"elementor-widget-container\">\n\t\t\t\t\t\t\t\t\t<div class=\"elementor-button-wrapper\">\n\t\t\t\t\t<a class=\"elementor-button elementor-button-link elementor-size-sm\" href=\"https:\/\/www.dr-limpezas.pt\/wp-content\/uploads\/2025\/08\/Diploma-Dr-Limpezas-Lda-1.pdf\">\n\t\t\t\t\t\t<span class=\"elementor-button-content-wrapper\">\n\t\t\t\t\t\t\t\t\t<span class=\"elementor-button-text\">Consultar Documento<\/span>\n\t\t\t\t\t<\/span>\n\t\t\t\t\t<\/a>\n\t\t\t\t<\/div>\n\t\t\t\t\t\t\t\t<\/div>\n\t\t\t\t<\/div>\n\t\t\t\t<\/div>\n\t\t\t\t<\/div>\n\t\t\t\t<\/div>\n\t\t","protected":false},"excerpt":{"rendered":"<p>Sistemas de Gesti\u00f3n Objetivos de Calidad Comprometidos con la excelencia, todos los d\u00edas, en cada detalle Prestar servicios de limpieza atendiendo al rigor, la perfecci\u00f3n y la exigencia del cliente Trabajar con vistas al crecimiento econ\u00f3mico de la empresa combinando calidad e innovaci\u00f3n Luchar por la marca \u201cDr. Limpezas\u201d defendiendo una posici\u00f3n frente a la [&hellip;]<\/p>\n","protected":false},"author":1,"featured_media":0,"parent":0,"menu_order":0,"comment_status":"closed","ping_status":"closed","template":"","meta":{"footnotes":""},"class_list":["post-1861","page","type-page","status-publish","hentry"],"_links":{"self":[{"href":"https:\/\/www.dr-limpezas.pt\/es\/wp-json\/wp\/v2\/pages\/1861","targetHints":{"allow":["GET"]}}],"collection":[{"href":"https:\/\/www.dr-limpezas.pt\/es\/wp-json\/wp\/v2\/pages"}],"about":[{"href":"https:\/\/www.dr-limpezas.pt\/es\/wp-json\/wp\/v2\/types\/page"}],"author":[{"embeddable":true,"href":"https:\/\/www.dr-limpezas.pt\/es\/wp-json\/wp\/v2\/users\/1"}],"replies":[{"embeddable":true,"href":"https:\/\/www.dr-limpezas.pt\/es\/wp-json\/wp\/v2\/comments?post=1861"}],"version-history":[{"count":1,"href":"https:\/\/www.dr-limpezas.pt\/es\/wp-json\/wp\/v2\/pages\/1861\/revisions"}],"predecessor-version":[{"id":1864,"href":"https:\/\/www.dr-limpezas.pt\/es\/wp-json\/wp\/v2\/pages\/1861\/revisions\/1864"}],"wp:attachment":[{"href":"https:\/\/www.dr-limpezas.pt\/es\/wp-json\/wp\/v2\/media?parent=1861"}],"curies":[{"name":"wp","href":"https:\/\/api.w.org\/{rel}","templated":true}]}}