{"id":1884,"date":"2025-06-20T08:48:33","date_gmt":"2025-06-20T08:48:33","guid":{"rendered":"https:\/\/www.dr-limpezas.pt\/consejos-del-dr-limpieza\/"},"modified":"2025-08-25T16:36:53","modified_gmt":"2025-08-25T16:36:53","slug":"consejos-del-dr-limpieza","status":"publish","type":"page","link":"https:\/\/www.dr-limpezas.pt\/es\/consejos-del-dr-limpieza\/","title":{"rendered":"Consejos del Dr. Limpieza"},"content":{"rendered":"\t\t<div data-elementor-type=\"wp-page\" data-elementor-id=\"1884\" class=\"elementor elementor-1884 elementor-242\" data-elementor-post-type=\"page\">\n\t\t\t\t<div class=\"elementor-element elementor-element-b860c53 e-con-full e-flex e-con e-parent\" data-id=\"b860c53\" data-element_type=\"container\" data-settings=\"{&quot;background_background&quot;:&quot;classic&quot;}\">\n\t\t\t\t<div class=\"elementor-element elementor-element-516fbc3 elementor-widget elementor-widget-heading\" data-id=\"516fbc3\" data-element_type=\"widget\" data-widget_type=\"heading.default\">\n\t\t\t\t<div class=\"elementor-widget-container\">\n\t\t\t\t\t<h2 class=\"elementor-heading-title elementor-size-default\">Consejos del Dr. Limpieza<\/h2>\t\t\t\t<\/div>\n\t\t\t\t<\/div>\n\t\t\t\t<\/div>\n\t\t<div class=\"elementor-element elementor-element-2072501 e-con-full e-flex e-con e-parent\" data-id=\"2072501\" data-element_type=\"container\" data-settings=\"{&quot;background_background&quot;:&quot;classic&quot;}\">\n\t\t\t\t<div class=\"elementor-element elementor-element-6e38708 elementor-widget elementor-widget-heading\" data-id=\"6e38708\" data-element_type=\"widget\" data-widget_type=\"heading.default\">\n\t\t\t\t<div class=\"elementor-widget-container\">\n\t\t\t\t\t<h2 class=\"elementor-heading-title elementor-size-default\">Mant\u00e9ngase al d\u00eda con los \u00faltimos consejos del Dr. Limpieza<\/h2>\t\t\t\t<\/div>\n\t\t\t\t<\/div>\n\t\t\t\t<div class=\"elementor-element elementor-element-4b12ff6 elementor-widget elementor-widget-text-editor\" data-id=\"4b12ff6\" data-element_type=\"widget\" data-widget_type=\"text-editor.default\">\n\t\t\t\t<div class=\"elementor-widget-container\">\n\t\t\t\t\t\t\t\t\t<p>Consejos, tendencias y contenidos exclusivos sobre limpieza profesional, bienestar en los ambientes y gesti\u00f3n eficiente de espacios.<\/p>\t\t\t\t\t\t\t\t<\/div>\n\t\t\t\t<\/div>\n\t\t\t\t<div class=\"elementor-element elementor-element-4e6126c elementor-posts--align-left elementor-grid-3 elementor-grid-tablet-2 elementor-grid-mobile-1 elementor-posts--thumbnail-top elementor-card-shadow-yes elementor-posts__hover-gradient elementor-widget elementor-widget-posts\" data-id=\"4e6126c\" data-element_type=\"widget\" data-settings=\"{&quot;cards_masonry&quot;:&quot;yes&quot;,&quot;cards_row_gap&quot;:{&quot;unit&quot;:&quot;px&quot;,&quot;size&quot;:20,&quot;sizes&quot;:[]},&quot;cards_columns&quot;:&quot;3&quot;,&quot;cards_columns_tablet&quot;:&quot;2&quot;,&quot;cards_columns_mobile&quot;:&quot;1&quot;,&quot;cards_row_gap_tablet&quot;:{&quot;unit&quot;:&quot;px&quot;,&quot;size&quot;:&quot;&quot;,&quot;sizes&quot;:[]},&quot;cards_row_gap_mobile&quot;:{&quot;unit&quot;:&quot;px&quot;,&quot;size&quot;:&quot;&quot;,&quot;sizes&quot;:[]}}\" data-widget_type=\"posts.cards\">\n\t\t\t\t<div class=\"elementor-widget-container\">\n\t\t\t\t\t\t\t<div class=\"elementor-posts-container elementor-posts elementor-posts--skin-cards elementor-grid\" role=\"list\">\n\t\t\t\t<article class=\"elementor-post elementor-grid-item post-2034 post type-post status-publish format-standard has-post-thumbnail hentry category-sin-categoria\" role=\"listitem\">\n\t\t\t<div class=\"elementor-post__card\">\n\t\t\t\t<a class=\"elementor-post__thumbnail__link\" href=\"https:\/\/www.dr-limpezas.pt\/es\/preocupacion-constante-por-la-proteccion-del-medio-ambiente\/\" tabindex=\"-1\" ><div class=\"elementor-post__thumbnail\"><img fetchpriority=\"high\" decoding=\"async\" width=\"1920\" height=\"700\" src=\"https:\/\/www.dr-limpezas.pt\/wp-content\/uploads\/2025\/06\/full-shot-cute-baby-laying-floor-1.png\" class=\"attachment-full size-full wp-image-1766\" alt=\"drlimpezas\" srcset=\"https:\/\/www.dr-limpezas.pt\/wp-content\/uploads\/2025\/06\/full-shot-cute-baby-laying-floor-1.png 1920w, https:\/\/www.dr-limpezas.pt\/wp-content\/uploads\/2025\/06\/full-shot-cute-baby-laying-floor-1-300x109.png 300w, https:\/\/www.dr-limpezas.pt\/wp-content\/uploads\/2025\/06\/full-shot-cute-baby-laying-floor-1-1024x373.png 1024w, https:\/\/www.dr-limpezas.pt\/wp-content\/uploads\/2025\/06\/full-shot-cute-baby-laying-floor-1-768x280.png 768w, https:\/\/www.dr-limpezas.pt\/wp-content\/uploads\/2025\/06\/full-shot-cute-baby-laying-floor-1-1536x560.png 1536w\" sizes=\"(max-width: 1920px) 100vw, 1920px\" \/><\/div><\/a>\n\t\t\t\t<div class=\"elementor-post__text\">\n\t\t\t\t<h3 class=\"elementor-post__title\">\n\t\t\t<a href=\"https:\/\/www.dr-limpezas.pt\/es\/preocupacion-constante-por-la-proteccion-del-medio-ambiente\/\" >\n\t\t\t\tPreocupaci\u00f3n constante por la protecci\u00f3n del medio ambiente\t\t\t<\/a>\n\t\t<\/h3>\n\t\t\n\t\t<a class=\"elementor-post__read-more\" href=\"https:\/\/www.dr-limpezas.pt\/es\/preocupacion-constante-por-la-proteccion-del-medio-ambiente\/\" aria-label=\"M\u00e1s informaci\u00f3n sobre Preocupaci\u00f3n constante por la protecci\u00f3n del medio ambiente\" tabindex=\"-1\" >\n\t\t\tLeer m\u00e1s &gt;&gt;\t\t<\/a>\n\n\t\t\t\t<\/div>\n\t\t\t\t\t<\/div>\n\t\t<\/article>\n\t\t\t\t<article class=\"elementor-post elementor-grid-item post-2042 post type-post status-publish format-standard has-post-thumbnail hentry category-sin-categoria\" role=\"listitem\">\n\t\t\t<div class=\"elementor-post__card\">\n\t\t\t\t<a class=\"elementor-post__thumbnail__link\" href=\"https:\/\/www.dr-limpezas.pt\/es\/codigo-de-colores-en-la-limpieza\/\" tabindex=\"-1\" ><div class=\"elementor-post__thumbnail\"><img decoding=\"async\" width=\"1920\" height=\"700\" src=\"https:\/\/www.dr-limpezas.pt\/wp-content\/uploads\/2025\/06\/52269.png\" class=\"attachment-full size-full wp-image-1760\" alt=\"drlimpezas\" srcset=\"https:\/\/www.dr-limpezas.pt\/wp-content\/uploads\/2025\/06\/52269.png 1920w, https:\/\/www.dr-limpezas.pt\/wp-content\/uploads\/2025\/06\/52269-300x109.png 300w, https:\/\/www.dr-limpezas.pt\/wp-content\/uploads\/2025\/06\/52269-1024x373.png 1024w, https:\/\/www.dr-limpezas.pt\/wp-content\/uploads\/2025\/06\/52269-768x280.png 768w, https:\/\/www.dr-limpezas.pt\/wp-content\/uploads\/2025\/06\/52269-1536x560.png 1536w\" sizes=\"(max-width: 1920px) 100vw, 1920px\" \/><\/div><\/a>\n\t\t\t\t<div class=\"elementor-post__text\">\n\t\t\t\t<h3 class=\"elementor-post__title\">\n\t\t\t<a href=\"https:\/\/www.dr-limpezas.pt\/es\/codigo-de-colores-en-la-limpieza\/\" >\n\t\t\t\tC\u00f3digo de colores en la limpieza\t\t\t<\/a>\n\t\t<\/h3>\n\t\t\n\t\t<a class=\"elementor-post__read-more\" href=\"https:\/\/www.dr-limpezas.pt\/es\/codigo-de-colores-en-la-limpieza\/\" aria-label=\"M\u00e1s informaci\u00f3n sobre C\u00f3digo de colores en la limpieza\" tabindex=\"-1\" >\n\t\t\tLeer m\u00e1s &gt;&gt;\t\t<\/a>\n\n\t\t\t\t<\/div>\n\t\t\t\t\t<\/div>\n\t\t<\/article>\n\t\t\t\t<article class=\"elementor-post elementor-grid-item post-1934 post type-post status-publish format-standard has-post-thumbnail hentry category-sin-categoria\" role=\"listitem\">\n\t\t\t<div class=\"elementor-post__card\">\n\t\t\t\t<a class=\"elementor-post__thumbnail__link\" href=\"https:\/\/www.dr-limpezas.pt\/es\/feliz-dia-mundial-de-la-calidad\/\" tabindex=\"-1\" ><div class=\"elementor-post__thumbnail\"><img decoding=\"async\" width=\"1920\" height=\"700\" src=\"https:\/\/www.dr-limpezas.pt\/wp-content\/uploads\/2025\/06\/40328.png\" class=\"attachment-full size-full wp-image-1754\" alt=\"drlimpezas\" srcset=\"https:\/\/www.dr-limpezas.pt\/wp-content\/uploads\/2025\/06\/40328.png 1920w, https:\/\/www.dr-limpezas.pt\/wp-content\/uploads\/2025\/06\/40328-300x109.png 300w, https:\/\/www.dr-limpezas.pt\/wp-content\/uploads\/2025\/06\/40328-1024x373.png 1024w, https:\/\/www.dr-limpezas.pt\/wp-content\/uploads\/2025\/06\/40328-768x280.png 768w, https:\/\/www.dr-limpezas.pt\/wp-content\/uploads\/2025\/06\/40328-1536x560.png 1536w\" sizes=\"(max-width: 1920px) 100vw, 1920px\" \/><\/div><\/a>\n\t\t\t\t<div class=\"elementor-post__text\">\n\t\t\t\t<h3 class=\"elementor-post__title\">\n\t\t\t<a href=\"https:\/\/www.dr-limpezas.pt\/es\/feliz-dia-mundial-de-la-calidad\/\" >\n\t\t\t\t\u00a1Feliz D\u00eda Mundial de la Calidad!\t\t\t<\/a>\n\t\t<\/h3>\n\t\t\n\t\t<a class=\"elementor-post__read-more\" href=\"https:\/\/www.dr-limpezas.pt\/es\/feliz-dia-mundial-de-la-calidad\/\" aria-label=\"M\u00e1s informaci\u00f3n sobre \u00a1Feliz D\u00eda Mundial de la Calidad!\" tabindex=\"-1\" >\n\t\t\tLeer m\u00e1s &gt;&gt;\t\t<\/a>\n\n\t\t\t\t<\/div>\n\t\t\t\t\t<\/div>\n\t\t<\/article>\n\t\t\t\t<article class=\"elementor-post elementor-grid-item post-1926 post type-post status-publish format-standard has-post-thumbnail hentry category-sin-categoria\" role=\"listitem\">\n\t\t\t<div class=\"elementor-post__card\">\n\t\t\t\t<a class=\"elementor-post__thumbnail__link\" href=\"https:\/\/www.dr-limpezas.pt\/es\/4-consejos-del-dr-para-una-limpieza-exigente-y-duradera\/\" tabindex=\"-1\" ><div class=\"elementor-post__thumbnail\"><img loading=\"lazy\" decoding=\"async\" width=\"1920\" height=\"700\" src=\"https:\/\/www.dr-limpezas.pt\/wp-content\/uploads\/2025\/06\/2149744535.png\" class=\"attachment-full size-full wp-image-1748\" alt=\"drlimpezas\" srcset=\"https:\/\/www.dr-limpezas.pt\/wp-content\/uploads\/2025\/06\/2149744535.png 1920w, https:\/\/www.dr-limpezas.pt\/wp-content\/uploads\/2025\/06\/2149744535-300x109.png 300w, https:\/\/www.dr-limpezas.pt\/wp-content\/uploads\/2025\/06\/2149744535-1024x373.png 1024w, https:\/\/www.dr-limpezas.pt\/wp-content\/uploads\/2025\/06\/2149744535-768x280.png 768w, https:\/\/www.dr-limpezas.pt\/wp-content\/uploads\/2025\/06\/2149744535-1536x560.png 1536w\" sizes=\"(max-width: 1920px) 100vw, 1920px\" \/><\/div><\/a>\n\t\t\t\t<div class=\"elementor-post__text\">\n\t\t\t\t<h3 class=\"elementor-post__title\">\n\t\t\t<a href=\"https:\/\/www.dr-limpezas.pt\/es\/4-consejos-del-dr-para-una-limpieza-exigente-y-duradera\/\" >\n\t\t\t\t4 Consejos del Dr. para una Limpieza Exigente y Duradera\t\t\t<\/a>\n\t\t<\/h3>\n\t\t\n\t\t<a class=\"elementor-post__read-more\" href=\"https:\/\/www.dr-limpezas.pt\/es\/4-consejos-del-dr-para-una-limpieza-exigente-y-duradera\/\" aria-label=\"M\u00e1s informaci\u00f3n sobre 4 Consejos del Dr. para una Limpieza Exigente y Duradera\" tabindex=\"-1\" >\n\t\t\tLeer m\u00e1s &gt;&gt;\t\t<\/a>\n\n\t\t\t\t<\/div>\n\t\t\t\t\t<\/div>\n\t\t<\/article>\n\t\t\t\t<article class=\"elementor-post elementor-grid-item post-1931 post type-post status-publish format-standard has-post-thumbnail hentry category-sin-categoria\" role=\"listitem\">\n\t\t\t<div class=\"elementor-post__card\">\n\t\t\t\t<a class=\"elementor-post__thumbnail__link\" href=\"https:\/\/www.dr-limpezas.pt\/es\/feliz-dia-internacional-del-hombre\/\" tabindex=\"-1\" ><div class=\"elementor-post__thumbnail\"><img loading=\"lazy\" decoding=\"async\" width=\"1920\" height=\"700\" src=\"https:\/\/www.dr-limpezas.pt\/wp-content\/uploads\/2025\/06\/17830.png\" class=\"attachment-full size-full wp-image-1715\" alt=\"drlimpezas\" srcset=\"https:\/\/www.dr-limpezas.pt\/wp-content\/uploads\/2025\/06\/17830.png 1920w, https:\/\/www.dr-limpezas.pt\/wp-content\/uploads\/2025\/06\/17830-300x109.png 300w, https:\/\/www.dr-limpezas.pt\/wp-content\/uploads\/2025\/06\/17830-1024x373.png 1024w, https:\/\/www.dr-limpezas.pt\/wp-content\/uploads\/2025\/06\/17830-768x280.png 768w, https:\/\/www.dr-limpezas.pt\/wp-content\/uploads\/2025\/06\/17830-1536x560.png 1536w\" sizes=\"(max-width: 1920px) 100vw, 1920px\" \/><\/div><\/a>\n\t\t\t\t<div class=\"elementor-post__text\">\n\t\t\t\t<h3 class=\"elementor-post__title\">\n\t\t\t<a href=\"https:\/\/www.dr-limpezas.pt\/es\/feliz-dia-internacional-del-hombre\/\" >\n\t\t\t\tFeliz D\u00eda Internacional del Hombre\t\t\t<\/a>\n\t\t<\/h3>\n\t\t\n\t\t<a class=\"elementor-post__read-more\" href=\"https:\/\/www.dr-limpezas.pt\/es\/feliz-dia-internacional-del-hombre\/\" aria-label=\"M\u00e1s informaci\u00f3n sobre Feliz D\u00eda Internacional del Hombre\" tabindex=\"-1\" >\n\t\t\tLeer m\u00e1s &gt;&gt;\t\t<\/a>\n\n\t\t\t\t<\/div>\n\t\t\t\t\t<\/div>\n\t\t<\/article>\n\t\t\t\t<article class=\"elementor-post elementor-grid-item post-1948 post type-post status-publish format-standard has-post-thumbnail hentry category-sin-categoria\" role=\"listitem\">\n\t\t\t<div class=\"elementor-post__card\">\n\t\t\t\t<a class=\"elementor-post__thumbnail__link\" href=\"https:\/\/www.dr-limpezas.pt\/es\/dia-internacional-de-las-personas-con-alergia-cronica\/\" tabindex=\"-1\" ><div class=\"elementor-post__thumbnail\"><img loading=\"lazy\" decoding=\"async\" width=\"1920\" height=\"700\" src=\"https:\/\/www.dr-limpezas.pt\/wp-content\/uploads\/2025\/06\/9562.png\" class=\"attachment-full size-full wp-image-1739\" alt=\"drlimpezas\" srcset=\"https:\/\/www.dr-limpezas.pt\/wp-content\/uploads\/2025\/06\/9562.png 1920w, https:\/\/www.dr-limpezas.pt\/wp-content\/uploads\/2025\/06\/9562-300x109.png 300w, https:\/\/www.dr-limpezas.pt\/wp-content\/uploads\/2025\/06\/9562-1024x373.png 1024w, https:\/\/www.dr-limpezas.pt\/wp-content\/uploads\/2025\/06\/9562-768x280.png 768w, https:\/\/www.dr-limpezas.pt\/wp-content\/uploads\/2025\/06\/9562-1536x560.png 1536w\" sizes=\"(max-width: 1920px) 100vw, 1920px\" \/><\/div><\/a>\n\t\t\t\t<div class=\"elementor-post__text\">\n\t\t\t\t<h3 class=\"elementor-post__title\">\n\t\t\t<a href=\"https:\/\/www.dr-limpezas.pt\/es\/dia-internacional-de-las-personas-con-alergia-cronica\/\" >\n\t\t\t\tD\u00eda Internacional de las Personas con Alergia Cr\u00f3nica\t\t\t<\/a>\n\t\t<\/h3>\n\t\t\n\t\t<a class=\"elementor-post__read-more\" href=\"https:\/\/www.dr-limpezas.pt\/es\/dia-internacional-de-las-personas-con-alergia-cronica\/\" aria-label=\"M\u00e1s informaci\u00f3n sobre D\u00eda Internacional de las Personas con Alergia Cr\u00f3nica\" tabindex=\"-1\" >\n\t\t\tLeer m\u00e1s &gt;&gt;\t\t<\/a>\n\n\t\t\t\t<\/div>\n\t\t\t\t\t<\/div>\n\t\t<\/article>\n\t\t\t\t<article class=\"elementor-post elementor-grid-item post-1960 post type-post status-publish format-standard has-post-thumbnail hentry category-sin-categoria\" role=\"listitem\">\n\t\t\t<div class=\"elementor-post__card\">\n\t\t\t\t<a class=\"elementor-post__thumbnail__link\" href=\"https:\/\/www.dr-limpezas.pt\/es\/3-trucos-de-limpieza-que-te-facilitaran-la-vida\/\" tabindex=\"-1\" ><div class=\"elementor-post__thumbnail\"><img loading=\"lazy\" decoding=\"async\" width=\"1920\" height=\"700\" src=\"https:\/\/www.dr-limpezas.pt\/wp-content\/uploads\/2025\/06\/87742.png\" class=\"attachment-full size-full wp-image-1733\" alt=\"drlimpezas\" srcset=\"https:\/\/www.dr-limpezas.pt\/wp-content\/uploads\/2025\/06\/87742.png 1920w, https:\/\/www.dr-limpezas.pt\/wp-content\/uploads\/2025\/06\/87742-300x109.png 300w, https:\/\/www.dr-limpezas.pt\/wp-content\/uploads\/2025\/06\/87742-1024x373.png 1024w, https:\/\/www.dr-limpezas.pt\/wp-content\/uploads\/2025\/06\/87742-768x280.png 768w, https:\/\/www.dr-limpezas.pt\/wp-content\/uploads\/2025\/06\/87742-1536x560.png 1536w\" sizes=\"(max-width: 1920px) 100vw, 1920px\" \/><\/div><\/a>\n\t\t\t\t<div class=\"elementor-post__text\">\n\t\t\t\t<h3 class=\"elementor-post__title\">\n\t\t\t<a href=\"https:\/\/www.dr-limpezas.pt\/es\/3-trucos-de-limpieza-que-te-facilitaran-la-vida\/\" >\n\t\t\t\t3 Trucos de limpieza que te facilitar\u00e1n la vida\t\t\t<\/a>\n\t\t<\/h3>\n\t\t\n\t\t<a class=\"elementor-post__read-more\" href=\"https:\/\/www.dr-limpezas.pt\/es\/3-trucos-de-limpieza-que-te-facilitaran-la-vida\/\" aria-label=\"M\u00e1s informaci\u00f3n sobre 3 Trucos de limpieza que te facilitar\u00e1n la vida\" tabindex=\"-1\" >\n\t\t\tLeer m\u00e1s &gt;&gt;\t\t<\/a>\n\n\t\t\t\t<\/div>\n\t\t\t\t\t<\/div>\n\t\t<\/article>\n\t\t\t\t<article class=\"elementor-post elementor-grid-item post-1952 post type-post status-publish format-standard has-post-thumbnail hentry category-sin-categoria\" role=\"listitem\">\n\t\t\t<div class=\"elementor-post__card\">\n\t\t\t\t<a class=\"elementor-post__thumbnail__link\" href=\"https:\/\/www.dr-limpezas.pt\/es\/apostar-por-la-salud-mental-puede-aumentar-la-productividad-en-las-empresas-hasta-un-30\/\" tabindex=\"-1\" ><div class=\"elementor-post__thumbnail\"><img loading=\"lazy\" decoding=\"async\" width=\"1920\" height=\"700\" src=\"https:\/\/www.dr-limpezas.pt\/wp-content\/uploads\/2025\/06\/2147656967.png\" class=\"attachment-full size-full wp-image-1727\" alt=\"drlimpezas\" srcset=\"https:\/\/www.dr-limpezas.pt\/wp-content\/uploads\/2025\/06\/2147656967.png 1920w, https:\/\/www.dr-limpezas.pt\/wp-content\/uploads\/2025\/06\/2147656967-300x109.png 300w, https:\/\/www.dr-limpezas.pt\/wp-content\/uploads\/2025\/06\/2147656967-1024x373.png 1024w, https:\/\/www.dr-limpezas.pt\/wp-content\/uploads\/2025\/06\/2147656967-768x280.png 768w, https:\/\/www.dr-limpezas.pt\/wp-content\/uploads\/2025\/06\/2147656967-1536x560.png 1536w\" sizes=\"(max-width: 1920px) 100vw, 1920px\" \/><\/div><\/a>\n\t\t\t\t<div class=\"elementor-post__text\">\n\t\t\t\t<h3 class=\"elementor-post__title\">\n\t\t\t<a href=\"https:\/\/www.dr-limpezas.pt\/es\/apostar-por-la-salud-mental-puede-aumentar-la-productividad-en-las-empresas-hasta-un-30\/\" >\n\t\t\t\tApostar por la Salud Mental puede aumentar la productividad en las empresas hasta un 30%\t\t\t<\/a>\n\t\t<\/h3>\n\t\t\n\t\t<a class=\"elementor-post__read-more\" href=\"https:\/\/www.dr-limpezas.pt\/es\/apostar-por-la-salud-mental-puede-aumentar-la-productividad-en-las-empresas-hasta-un-30\/\" aria-label=\"M\u00e1s informaci\u00f3n sobre Apostar por la Salud Mental puede aumentar la productividad en las empresas hasta un 30%\" tabindex=\"-1\" >\n\t\t\tLeer m\u00e1s &gt;&gt;\t\t<\/a>\n\n\t\t\t\t<\/div>\n\t\t\t\t\t<\/div>\n\t\t<\/article>\n\t\t\t\t<article class=\"elementor-post elementor-grid-item post-1914 post type-post status-publish format-standard has-post-thumbnail hentry category-sin-categoria\" role=\"listitem\">\n\t\t\t<div class=\"elementor-post__card\">\n\t\t\t\t<a class=\"elementor-post__thumbnail__link\" href=\"https:\/\/www.dr-limpezas.pt\/es\/limpieza-inteligente-espacios-excelentes\/\" tabindex=\"-1\" ><div class=\"elementor-post__thumbnail\"><img loading=\"lazy\" decoding=\"async\" width=\"1920\" height=\"700\" src=\"https:\/\/www.dr-limpezas.pt\/wp-content\/uploads\/2025\/06\/2149099021.png\" class=\"attachment-full size-full wp-image-1718\" alt=\"drlimpezas\" srcset=\"https:\/\/www.dr-limpezas.pt\/wp-content\/uploads\/2025\/06\/2149099021.png 1920w, https:\/\/www.dr-limpezas.pt\/wp-content\/uploads\/2025\/06\/2149099021-300x109.png 300w, https:\/\/www.dr-limpezas.pt\/wp-content\/uploads\/2025\/06\/2149099021-1024x373.png 1024w, https:\/\/www.dr-limpezas.pt\/wp-content\/uploads\/2025\/06\/2149099021-768x280.png 768w, https:\/\/www.dr-limpezas.pt\/wp-content\/uploads\/2025\/06\/2149099021-1536x560.png 1536w\" sizes=\"(max-width: 1920px) 100vw, 1920px\" \/><\/div><\/a>\n\t\t\t\t<div class=\"elementor-post__text\">\n\t\t\t\t<h3 class=\"elementor-post__title\">\n\t\t\t<a href=\"https:\/\/www.dr-limpezas.pt\/es\/limpieza-inteligente-espacios-excelentes\/\" >\n\t\t\t\tLimpieza Inteligente, Espacios Excelentes\t\t\t<\/a>\n\t\t<\/h3>\n\t\t\n\t\t<a class=\"elementor-post__read-more\" href=\"https:\/\/www.dr-limpezas.pt\/es\/limpieza-inteligente-espacios-excelentes\/\" aria-label=\"M\u00e1s informaci\u00f3n sobre Limpieza Inteligente, Espacios Excelentes\" tabindex=\"-1\" >\n\t\t\tLeer m\u00e1s &gt;&gt;\t\t<\/a>\n\n\t\t\t\t<\/div>\n\t\t\t\t\t<\/div>\n\t\t<\/article>\n\t\t\t\t<article class=\"elementor-post elementor-grid-item post-1909 post type-post status-publish format-standard has-post-thumbnail hentry category-sin-categoria\" role=\"listitem\">\n\t\t\t<div class=\"elementor-post__card\">\n\t\t\t\t<a class=\"elementor-post__thumbnail__link\" href=\"https:\/\/www.dr-limpezas.pt\/es\/mas-que-limpiar-es-purificar\/\" tabindex=\"-1\" ><div class=\"elementor-post__thumbnail\"><img loading=\"lazy\" decoding=\"async\" width=\"1920\" height=\"700\" src=\"https:\/\/www.dr-limpezas.pt\/wp-content\/uploads\/2025\/06\/404.png\" class=\"attachment-full size-full wp-image-1721\" alt=\"drlimpezas\" srcset=\"https:\/\/www.dr-limpezas.pt\/wp-content\/uploads\/2025\/06\/404.png 1920w, https:\/\/www.dr-limpezas.pt\/wp-content\/uploads\/2025\/06\/404-300x109.png 300w, https:\/\/www.dr-limpezas.pt\/wp-content\/uploads\/2025\/06\/404-1024x373.png 1024w, https:\/\/www.dr-limpezas.pt\/wp-content\/uploads\/2025\/06\/404-768x280.png 768w, https:\/\/www.dr-limpezas.pt\/wp-content\/uploads\/2025\/06\/404-1536x560.png 1536w\" sizes=\"(max-width: 1920px) 100vw, 1920px\" \/><\/div><\/a>\n\t\t\t\t<div class=\"elementor-post__text\">\n\t\t\t\t<h3 class=\"elementor-post__title\">\n\t\t\t<a href=\"https:\/\/www.dr-limpezas.pt\/es\/mas-que-limpiar-es-purificar\/\" >\n\t\t\t\tM\u00e1s que limpiar, es purificar.\t\t\t<\/a>\n\t\t<\/h3>\n\t\t\n\t\t<a class=\"elementor-post__read-more\" href=\"https:\/\/www.dr-limpezas.pt\/es\/mas-que-limpiar-es-purificar\/\" aria-label=\"M\u00e1s informaci\u00f3n sobre M\u00e1s que limpiar, es purificar.\" tabindex=\"-1\" >\n\t\t\tLeer m\u00e1s &gt;&gt;\t\t<\/a>\n\n\t\t\t\t<\/div>\n\t\t\t\t\t<\/div>\n\t\t<\/article>\n\t\t\t\t<\/div>\n\t\t\n\t\t\t\t\t\t<\/div>\n\t\t\t\t<\/div>\n\t\t\t\t<\/div>\n\t\t\t\t<\/div>\n\t\t","protected":false},"excerpt":{"rendered":"<p>Consejos del Dr. Limpieza Mant\u00e9ngase al d\u00eda con los \u00faltimos consejos del Dr. Limpieza Consejos, tendencias y contenidos exclusivos sobre limpieza profesional, bienestar en los<\/p>\n","protected":false},"author":1,"featured_media":0,"parent":0,"menu_order":0,"comment_status":"closed","ping_status":"closed","template":"","meta":{"footnotes":""},"class_list":["post-1884","page","type-page","status-publish","hentry"],"_links":{"self":[{"href":"https:\/\/www.dr-limpezas.pt\/es\/wp-json\/wp\/v2\/pages\/1884","targetHints":{"allow":["GET"]}}],"collection":[{"href":"https:\/\/www.dr-limpezas.pt\/es\/wp-json\/wp\/v2\/pages"}],"about":[{"href":"https:\/\/www.dr-limpezas.pt\/es\/wp-json\/wp\/v2\/types\/page"}],"author":[{"embeddable":true,"href":"https:\/\/www.dr-limpezas.pt\/es\/wp-json\/wp\/v2\/users\/1"}],"replies":[{"embeddable":true,"href":"https:\/\/www.dr-limpezas.pt\/es\/wp-json\/wp\/v2\/comments?post=1884"}],"version-history":[{"count":1,"href":"https:\/\/www.dr-limpezas.pt\/es\/wp-json\/wp\/v2\/pages\/1884\/revisions"}],"predecessor-version":[{"id":1885,"href":"https:\/\/www.dr-limpezas.pt\/es\/wp-json\/wp\/v2\/pages\/1884\/revisions\/1885"}],"wp:attachment":[{"href":"https:\/\/www.dr-limpezas.pt\/es\/wp-json\/wp\/v2\/media?parent=1884"}],"curies":[{"name":"wp","href":"https:\/\/api.w.org\/{rel}","templated":true}]}}